{"id":956,"date":"2025-01-17T07:56:25","date_gmt":"2025-01-17T06:56:25","guid":{"rendered":"https:\/\/plakor.tomoszek.com\/?page_id=956"},"modified":"2026-01-28T10:59:08","modified_gmt":"2026-01-28T09:59:08","slug":"sustainability","status":"publish","type":"page","link":"https:\/\/www.plakor.cz\/en\/sustainability\/","title":{"rendered":"Sustainability"},"content":{"rendered":"<p>[et_pb_section fb_built=&#8220;1&#8243; _builder_version=&#8220;4.24.2&#8243; _module_preset=&#8220;default&#8220; custom_margin=&#8220;0%||||false|false&#8220; custom_padding=&#8220;0px||5%||false|false&#8220; global_colors_info=&#8220;{}&#8220;][et_pb_row _builder_version=&#8220;4.17.4&#8243; _module_preset=&#8220;default&#8220; custom_padding=&#8220;|||4%|false|false&#8220; global_colors_info=&#8220;{}&#8220;][et_pb_column type=&#8220;4_4&#8243; _builder_version=&#8220;4.17.4&#8243; _module_preset=&#8220;default&#8220; global_colors_info=&#8220;{}&#8220;][et_pb_text _builder_version=&#8220;4.17.4&#8243; _module_preset=&#8220;default&#8220; header_font=&#8220;|700|||||||&#8220; header_font_size=&#8220;3vw&#8220; header_font_size_tablet=&#8220;40px&#8220; header_font_size_phone=&#8220;40px&#8220; header_font_size_last_edited=&#8220;on|phone&#8220; global_colors_info=&#8220;{}&#8220;]<\/p>\n<h1>Jsme odpov\u011bdn\u00e1 spole\u010dnost<\/h1>\n<p>[\/et_pb_text][\/et_pb_column][\/et_pb_row][et_pb_row column_structure=&#8220;1_2,1_2&#8243; use_custom_gutter=&#8220;on&#8220; gutter_width=&#8220;1&#8243; make_equal=&#8220;on&#8220; _builder_version=&#8220;4.27.4&#8243; _module_preset=&#8220;default&#8220; background_color=&#8220;rgba(0,0,0,0.05)&#8220; custom_padding=&#8220;0px||0px||false|false&#8220; border_radii=&#8220;on|10px|10px|10px|10px&#8220; global_colors_info=&#8220;{}&#8220;][et_pb_column type=&#8220;1_2&#8243; _builder_version=&#8220;4.17.4&#8243; _module_preset=&#8220;default&#8220; background_enable_color=&#8220;off&#8220; custom_padding=&#8220;6%|6%|6%|6%|true|true&#8220; global_colors_info=&#8220;{}&#8220;][et_pb_text _builder_version=&#8220;4.27.4&#8243; _module_preset=&#8220;default&#8220; header_font=&#8220;|700|||||||&#8220; header_font_size=&#8220;2vw&#8220; header_line_height=&#8220;1.3em&#8220; header_3_line_height=&#8220;1.7em&#8220; header_font_size_tablet=&#8220;2vw&#8220; header_font_size_phone=&#8220;30px&#8220; header_font_size_last_edited=&#8220;on|phone&#8220; global_colors_info=&#8220;{}&#8220;]<\/p>\n<h3>ESG<\/h3>\n<h1>N\u00e1\u0161 z\u00e1vazek k udr\u017eitelnosti<\/h1>\n<p>&nbsp;<\/p>\n<p>S respektem k lidem, okoln\u00edmu prost\u0159ed\u00ed i budoucnosti hled\u00e1me zp\u016fsoby, jak posouvat na\u0161i pr\u00e1ci k v\u011bt\u0161\u00ed odpov\u011bdnosti. Soust\u0159ed\u00edme se na to, co m\u016f\u017eeme re\u00e1ln\u011b ovlivnit \u2013 od efektivn\u011bj\u0161\u00edho vyu\u017e\u00edv\u00e1n\u00ed zdroj\u016f po podporu soci\u00e1ln\u011b odpov\u011bdn\u00fdch princip\u016f. Na\u0161e rozhodnut\u00ed lad\u00edme s C\u00edli udr\u017eiteln\u00e9ho rozvoje OSN, proto\u017ee v\u011b\u0159\u00edme, \u017ee ka\u017ed\u00fd krok spr\u00e1vn\u00fdm sm\u011brem se po\u010d\u00edt\u00e1. I mal\u00e9 zm\u011bny maj\u00ed smysl \u2013 a pr\u00e1v\u011b proto hled\u00e1me cesty, jak d\u011blat v\u011bci chyt\u0159eji a s men\u0161\u00edm dopadem na \u017eivotn\u00ed prost\u0159ed\u00ed a spole\u010dnost.<\/p>\n<p>[\/et_pb_text][\/et_pb_column][et_pb_column type=&#8220;1_2&#8243; _builder_version=&#8220;4.27.4&#8243; _module_preset=&#8220;default&#8220; background_enable_image=&#8220;off&#8220; background_position=&#8220;top_left&#8220; background_video_webm=&#8220;https:\/\/www.plakor.cz\/wp-content\/uploads\/2025\/04\/Plakor-ESG.mp4&#8243; global_colors_info=&#8220;{}&#8220;][\/et_pb_column][\/et_pb_row][et_pb_row column_structure=&#8220;1_3,1_3,1_3&#8243; use_custom_gutter=&#8220;on&#8220; gutter_width=&#8220;2&#8243; make_equal=&#8220;on&#8220; _builder_version=&#8220;4.27.4&#8243; _module_preset=&#8220;default&#8220; custom_margin=&#8220;20px||||false|false&#8220; custom_padding=&#8220;||0px||false|false&#8220; global_colors_info=&#8220;{}&#8220;][et_pb_column type=&#8220;1_3&#8243; _builder_version=&#8220;4.27.4&#8243; _module_preset=&#8220;default&#8220; background_color=&#8220;rgba(224,43,32,0.1)&#8220; transform_translate_linked=&#8220;off&#8220; custom_padding=&#8220;3%|6%|3%|6%|true|true&#8220; link_option_url=&#8220;#zprava&#8220; border_radii=&#8220;on|10px|10px|10px|10px&#8220; global_colors_info=&#8220;{}&#8220; transform_styles__hover_enabled=&#8220;on|hover&#8220; transform_scale__hover_enabled=&#8220;on|hover&#8220; transform_translate__hover_enabled=&#8220;on|desktop&#8220; transform_rotate__hover_enabled=&#8220;on|desktop&#8220; transform_skew__hover_enabled=&#8220;on|desktop&#8220; transform_origin__hover_enabled=&#8220;on|desktop&#8220; transform_translate__hover=&#8220;0px|-10px&#8220;][et_pb_icon font_icon=&#8220;&#x69;||divi||400&#8243; icon_color=&#8220;rgba(0,0,0,0.5)&#8220; icon_width=&#8220;40px&#8220; align=&#8220;left&#8220; _builder_version=&#8220;4.27.4&#8243; _module_preset=&#8220;default&#8220; custom_margin=&#8220;20.1%||||false|false&#8220; global_colors_info=&#8220;{}&#8220;][\/et_pb_icon][et_pb_text _builder_version=&#8220;4.27.4&#8243; _module_preset=&#8220;default&#8220; header_font=&#8220;|700|||||||&#8220; header_line_height=&#8220;1.5em&#8220; header_3_line_height=&#8220;1.7em&#8220; max_width=&#8220;400px&#8220; custom_margin=&#8220;20px||||false|false&#8220; header_font_size_tablet=&#8220;40px&#8220; header_font_size_phone=&#8220;30px&#8220; header_font_size_last_edited=&#8220;on|phone&#8220; header_line_height_last_edited=&#8220;off|phone&#8220; global_colors_info=&#8220;{}&#8220;]<\/p>\n<h1>Reporty, kter\u00e9<\/h1>\n<h1>mluv\u00ed za n\u00e1s<\/h1>\n<p>&nbsp;<\/p>\n<p>Zpr\u00e1vy udr\u017eiteln\u00e9ho rozvoje<\/p>\n<p>[\/et_pb_text][\/et_pb_column][et_pb_column type=&#8220;1_3&#8243; _builder_version=&#8220;4.27.4&#8243; _module_preset=&#8220;default&#8220; background_color=&#8220;rgba(224,153,0,0.1)&#8220; transform_translate_linked__hover=&#8220;off&#8220; custom_padding=&#8220;3%|6%|3%|6%|true|true&#8220; link_option_url=&#8220;#rizeni&#8220; border_radii=&#8220;on|10px|10px|10px|10px&#8220; global_colors_info=&#8220;{}&#8220; transform_styles__hover_enabled=&#8220;on|hover&#8220; transform_scale__hover_enabled=&#8220;on|desktop&#8220; transform_translate__hover_enabled=&#8220;on|hover&#8220; transform_rotate__hover_enabled=&#8220;on|desktop&#8220; transform_skew__hover_enabled=&#8220;on|desktop&#8220; transform_origin__hover_enabled=&#8220;on|desktop&#8220; transform_translate__hover=&#8220;0px|-10px&#8220;][et_pb_icon font_icon=&#8220;&#xe038;||divi||400&#8243; icon_color=&#8220;rgba(0,0,0,0.5)&#8220; icon_width=&#8220;40px&#8220; align=&#8220;left&#8220; _builder_version=&#8220;4.27.4&#8243; _module_preset=&#8220;default&#8220; custom_margin=&#8220;20.1%||||false|false&#8220; global_colors_info=&#8220;{}&#8220;][\/et_pb_icon][et_pb_text _builder_version=&#8220;4.27.4&#8243; _module_preset=&#8220;default&#8220; header_font=&#8220;|700|||||||&#8220; header_line_height=&#8220;1.5em&#8220; header_3_line_height=&#8220;1.7em&#8220; max_width=&#8220;400px&#8220; custom_margin=&#8220;20px||||false|false&#8220; header_font_size_tablet=&#8220;40px&#8220; header_font_size_phone=&#8220;30px&#8220; header_font_size_last_edited=&#8220;on|phone&#8220; header_line_height_last_edited=&#8220;off|phone&#8220; global_colors_info=&#8220;{}&#8220;]<\/p>\n<h1>\u0158\u00edzen\u00ed<\/h1>\n<h1>udr\u017eitelnosti<\/h1>\n<p>&nbsp;<\/p>\n<p>Seznamte se s na\u0161imi intern\u00edmi pravidly<\/p>\n<p>[\/et_pb_text][\/et_pb_column][et_pb_column type=&#8220;1_3&#8243; _builder_version=&#8220;4.27.4&#8243; _module_preset=&#8220;default&#8220; background_color=&#8220;rgba(131,0,233,0.09)&#8220; transform_translate_linked__hover=&#8220;off&#8220; custom_padding=&#8220;3%|6%|3%|6%|true|true&#8220; link_option_url=&#8220;#budoucnost&#8220; border_radii=&#8220;on|10px|10px|10px|10px&#8220; global_colors_info=&#8220;{}&#8220; transform_styles__hover_enabled=&#8220;on|hover&#8220; transform_scale__hover_enabled=&#8220;on|hover&#8220; transform_translate__hover_enabled=&#8220;on|desktop&#8220; transform_rotate__hover_enabled=&#8220;on|desktop&#8220; transform_skew__hover_enabled=&#8220;on|desktop&#8220; transform_origin__hover_enabled=&#8220;on|desktop&#8220; transform_translate__hover=&#8220;0px|-10px&#8220;][et_pb_icon font_icon=&#8220;&#xe0e2;||divi||400&#8243; icon_color=&#8220;rgba(0,0,0,0.5)&#8220; icon_width=&#8220;40px&#8220; align=&#8220;left&#8220; _builder_version=&#8220;4.27.4&#8243; _module_preset=&#8220;default&#8220; custom_margin=&#8220;20.1%||||false|false&#8220; global_colors_info=&#8220;{}&#8220;][\/et_pb_icon][et_pb_text _builder_version=&#8220;4.27.4&#8243; _module_preset=&#8220;default&#8220; header_font=&#8220;|700|||||||&#8220; header_line_height=&#8220;1.5em&#8220; header_3_line_height=&#8220;1.7em&#8220; max_width=&#8220;400px&#8220; custom_margin=&#8220;20px||||false|false&#8220; header_font_size_tablet=&#8220;40px&#8220; header_font_size_phone=&#8220;30px&#8220; header_font_size_last_edited=&#8220;on|phone&#8220; header_line_height_last_edited=&#8220;off|phone&#8220; global_colors_info=&#8220;{}&#8220;]<\/p>\n<h1>Na\u0161e z\u00e1vazky<\/h1>\n<h1>pro budoucnost<\/h1>\n<p>&nbsp;<\/p>\n<p>Uhl\u00edkov\u00e1 stopa, zm\u011bny v dopadech, z\u00e1vazky<\/p>\n<p>[\/et_pb_text][\/et_pb_column][\/et_pb_row][et_pb_row column_structure=&#8220;1_2,1_2&#8243; use_custom_gutter=&#8220;on&#8220; gutter_width=&#8220;1&#8243; make_equal=&#8220;on&#8220; module_id=&#8220;zprava&#8220; _builder_version=&#8220;4.27.4&#8243; _module_preset=&#8220;default&#8220; background_color=&#8220;rgba(224,43,32,0.1)&#8220; custom_margin=&#8220;3%||||false|false&#8220; custom_padding=&#8220;0px||0px||false|false&#8220; border_radii=&#8220;on|10px|10px|10px|10px&#8220; global_colors_info=&#8220;{}&#8220;][et_pb_column type=&#8220;1_2&#8243; _builder_version=&#8220;4.27.4&#8243; _module_preset=&#8220;default&#8220; background_image=&#8220;https:\/\/www.plakor.cz\/wp-content\/uploads\/2025\/04\/Plakor-ESG-scaled.webp&#8220; background_last_edited=&#8220;on|phone&#8220; background_enable_image_phone=&#8220;off&#8220; global_colors_info=&#8220;{}&#8220;][et_pb_image src=&#8220;https:\/\/www.plakor.cz\/wp-content\/uploads\/2025\/04\/Plakor-ESG-scaled.webp&#8220; title_text=&#8220;Plakor ESG&#8220; disabled_on=&#8220;off|on|on&#8220; _builder_version=&#8220;4.27.4&#8243; _module_preset=&#8220;default&#8220; global_colors_info=&#8220;{}&#8220;][\/et_pb_image][\/et_pb_column][et_pb_column type=&#8220;1_2&#8243; _builder_version=&#8220;4.17.4&#8243; _module_preset=&#8220;default&#8220; background_enable_color=&#8220;off&#8220; custom_padding=&#8220;6%|6%|6%|6%|true|true&#8220; global_colors_info=&#8220;{}&#8220;][et_pb_text _builder_version=&#8220;4.27.4&#8243; _module_preset=&#8220;default&#8220; header_font=&#8220;|700|||||||&#8220; header_font_size=&#8220;2vw&#8220; header_line_height=&#8220;1.5em&#8220; header_3_line_height=&#8220;1.7em&#8220; custom_margin=&#8220;||30px||false|false&#8220; header_font_size_tablet=&#8220;2vw&#8220; header_font_size_phone=&#8220;30px&#8220; header_font_size_last_edited=&#8220;on|phone&#8220; header_line_height_last_edited=&#8220;off|phone&#8220; global_colors_info=&#8220;{}&#8220;]<\/p>\n<h3>Zpr\u00e1va o udr\u017eitelnosti<\/h3>\n<h1>V\u00fdro\u010dn\u00ed zpr\u00e1vy v oblasti ESG<\/h1>\n<p>&nbsp;<\/p>\n<p>V t\u00e9to sekci najdete reporty, kter\u00e9 spole\u010dn\u011b dopl\u0148uj\u00ed n\u00e1\u0161 celkov\u00fd pohled na udr\u017eitelnost \u2013 od spot\u0159eby energi\u00ed a\u017e po odpadov\u00e9 hospod\u00e1\u0159stv\u00ed. Z\u00e1rove\u0148 pracujeme na na\u0161\u00ed prvn\u00ed zpr\u00e1v\u011b o udr\u017eitelnosti podle standard\u016f ESRS, kter\u00e1 nab\u00eddne ucelen\u011bj\u0161\u00ed pohled na na\u0161e environment\u00e1ln\u00ed, soci\u00e1ln\u00ed i spr\u00e1vn\u00ed aktivity.<\/p>\n<p>[\/et_pb_text][et_pb_button button_url=&#8220;\/wp-content\/uploads\/2025\/08\/Report-ESG_CZ.pdf&#8220; url_new_window=&#8220;on&#8220; button_text=&#8220;ESG Report 2022 \u2013 2024&#8243; disabled_on=&#8220;off|off|off&#8220; _builder_version=&#8220;4.27.4&#8243; _module_preset=&#8220;default&#8220; custom_button=&#8220;on&#8220; button_text_size=&#8220;16px&#8220; button_text_color=&#8220;#000000&#8243; button_border_width=&#8220;0px&#8220; button_border_color=&#8220;RGBA(255,255,255,0)&#8220; button_icon=&#8220;&#xe092;||divi||400&#8243; button_icon_placement=&#8220;left&#8220; button_on_hover=&#8220;off&#8220; custom_margin=&#8220;||5px||false|false&#8220; custom_padding=&#8220;10px|40px|10px|40px|true|true&#8220; global_colors_info=&#8220;{}&#8220; button_text_color__hover=&#8220;#FFFFFF&#8220; button_text_color__hover_enabled=&#8220;on|hover&#8220; button_bg_color__hover=&#8220;#000000&#8243; button_bg_color__hover_enabled=&#8220;on|desktop&#8220; button_border_color__hover=&#8220;#000000&#8243; button_border_color__hover_enabled=&#8220;on|desktop&#8220;][\/et_pb_button][\/et_pb_column][\/et_pb_row][et_pb_row column_structure=&#8220;1_2,1_2&#8243; use_custom_gutter=&#8220;on&#8220; gutter_width=&#8220;1&#8243; make_equal=&#8220;on&#8220; module_id=&#8220;rizeni&#8220; _builder_version=&#8220;4.27.4&#8243; _module_preset=&#8220;default&#8220; background_color=&#8220;rgba(224,153,0,0.1)&#8220; custom_margin=&#8220;3%||||false|false&#8220; custom_padding=&#8220;0px||0px||false|false&#8220; border_radii=&#8220;on|10px|10px|10px|10px&#8220; global_colors_info=&#8220;{}&#8220;][et_pb_column type=&#8220;1_2&#8243; _builder_version=&#8220;4.17.4&#8243; _module_preset=&#8220;default&#8220; background_enable_color=&#8220;off&#8220; custom_padding=&#8220;6%|6%|6%|6%|true|true&#8220; global_colors_info=&#8220;{}&#8220;][et_pb_text _builder_version=&#8220;4.27.4&#8243; _module_preset=&#8220;default&#8220; header_font=&#8220;|700|||||||&#8220; header_font_size=&#8220;2vw&#8220; header_line_height=&#8220;1.5em&#8220; header_3_line_height=&#8220;1.7em&#8220; custom_margin=&#8220;||20px||false|false&#8220; header_font_size_tablet=&#8220;2vw&#8220; header_font_size_phone=&#8220;30px&#8220; header_font_size_last_edited=&#8220;on|phone&#8220; header_line_height_last_edited=&#8220;off|phone&#8220; global_colors_info=&#8220;{}&#8220;]<\/p>\n<h3>\u0158\u00edzen\u00ed udr\u017eitelnosti<\/h3>\n<h1>Z\u00e1sady, kter\u00e9 formuj\u00ed na\u0161i odpov\u011bdnost<\/h1>\n<p>&nbsp;<\/p>\n<p>Na\u0161e intern\u00ed politiky a etick\u00fd kodex tvo\u0159\u00ed r\u00e1mec pro odpov\u011bdn\u00e9 \u0159\u00edzen\u00ed firmy. Vymezuj\u00ed principy, kter\u00e9 ur\u010duj\u00ed n\u00e1\u0161 p\u0159\u00edstup ke kvalit\u011b, ochran\u011b \u017eivotn\u00edho prost\u0159ed\u00ed, informa\u010dn\u00ed bezpe\u010dnosti, bezpe\u010dnosti pr\u00e1ce, zdrav\u00ed zam\u011bstnanc\u016f i udr\u017eiteln\u00e9mu \u0159\u00edzen\u00ed dodavatelsk\u00e9ho \u0159et\u011bzce.<\/p>\n<p>[\/et_pb_text][et_pb_button button_url=&#8220;\/wp-content\/uploads\/2025\/08\/Environmental-Policy-2025-CZ.pdf&#8220; url_new_window=&#8220;on&#8220; button_text=&#8220;Politika \u017eivotn\u00edho prost\u0159ed\u00ed&#8220; disabled_on=&#8220;off|off|off&#8220; _builder_version=&#8220;4.27.4&#8243; _module_preset=&#8220;default&#8220; custom_button=&#8220;on&#8220; button_text_size=&#8220;16px&#8220; button_text_color=&#8220;#000000&#8243; button_border_width=&#8220;0px&#8220; button_border_color=&#8220;RGBA(255,255,255,0)&#8220; button_icon=&#8220;&#xe092;||divi||400&#8243; button_icon_placement=&#8220;left&#8220; button_on_hover=&#8220;off&#8220; custom_margin=&#8220;||5px||false|false&#8220; custom_padding=&#8220;10px|40px|10px|40px|true|true&#8220; global_colors_info=&#8220;{}&#8220; button_bg_color__hover_enabled=&#8220;on|desktop&#8220; button_bg_color__hover=&#8220;#000000&#8243; button_bg_enable_color__hover=&#8220;on&#8220; button_border_color__hover_enabled=&#8220;on|desktop&#8220; button_border_color__hover=&#8220;#000000&#8243; button_text_color__hover_enabled=&#8220;on|hover&#8220; button_text_color__hover=&#8220;#FFFFFF&#8220;][\/et_pb_button][et_pb_button button_url=&#8220;\/wp-content\/uploads\/2026\/01\/Eticky-kodex_2025_BZ-CZ.pdf&#8220; url_new_window=&#8220;on&#8220; button_text=&#8220;Etick\u00fd kodex&#8220; _builder_version=&#8220;4.27.5&#8243; _module_preset=&#8220;default&#8220; custom_button=&#8220;on&#8220; button_text_size=&#8220;16px&#8220; button_text_color=&#8220;#000000&#8243; button_border_width=&#8220;0px&#8220; button_border_color=&#8220;RGBA(255,255,255,0)&#8220; button_icon=&#8220;&#xe092;||divi||400&#8243; button_icon_placement=&#8220;left&#8220; button_on_hover=&#8220;off&#8220; custom_margin=&#8220;||5px||false|false&#8220; custom_padding=&#8220;10px|40px|10px|40px|true|true&#8220; hover_enabled=&#8220;0&#8243; global_colors_info=&#8220;{}&#8220; button_bg_color__hover_enabled=&#8220;on|desktop&#8220; button_bg_color__hover=&#8220;#000000&#8243; button_bg_enable_color__hover=&#8220;on&#8220; button_border_color__hover_enabled=&#8220;on|desktop&#8220; button_border_color__hover=&#8220;#000000&#8243; button_text_color__hover_enabled=&#8220;on|hover&#8220; button_text_color__hover=&#8220;#FFFFFF&#8220; sticky_enabled=&#8220;0&#8243;][\/et_pb_button][et_pb_button button_url=&#8220;\/wp-content\/uploads\/2025\/08\/Zakladni-lidska-prava.pdf&#8220; url_new_window=&#8220;on&#8220; button_text=&#8220;Z\u00e1kladn\u00ed lidsk\u00e1 pr\u00e1va&#8220; disabled_on=&#8220;off|off|off&#8220; _builder_version=&#8220;4.27.4&#8243; _module_preset=&#8220;default&#8220; custom_button=&#8220;on&#8220; button_text_size=&#8220;16px&#8220; button_text_color=&#8220;#000000&#8243; button_border_width=&#8220;0px&#8220; button_border_color=&#8220;RGBA(255,255,255,0)&#8220; button_icon=&#8220;&#xe092;||divi||400&#8243; button_icon_placement=&#8220;left&#8220; button_on_hover=&#8220;off&#8220; custom_margin=&#8220;||5px||false|false&#8220; custom_padding=&#8220;10px|40px|10px|40px|true|true&#8220; global_colors_info=&#8220;{}&#8220; button_bg_color__hover_enabled=&#8220;on|desktop&#8220; button_bg_color__hover=&#8220;#000000&#8243; button_bg_enable_color__hover=&#8220;on&#8220; button_border_color__hover_enabled=&#8220;on|desktop&#8220; button_border_color__hover=&#8220;#000000&#8243; button_text_color__hover_enabled=&#8220;on|hover&#8220; button_text_color__hover=&#8220;#FFFFFF&#8220;][\/et_pb_button][et_pb_button button_url=&#8220;\/wp-content\/uploads\/2025\/08\/Anti-coruption-policy-CZ.pdf&#8220; url_new_window=&#8220;on&#8220; button_text=&#8220;Protikorup\u010dn\u00ed politika&#8220; disabled_on=&#8220;off|off|off&#8220; _builder_version=&#8220;4.27.4&#8243; _module_preset=&#8220;default&#8220; custom_button=&#8220;on&#8220; button_text_size=&#8220;16px&#8220; button_text_color=&#8220;#000000&#8243; button_border_width=&#8220;0px&#8220; button_border_color=&#8220;RGBA(255,255,255,0)&#8220; button_icon=&#8220;&#xe092;||divi||400&#8243; button_icon_placement=&#8220;left&#8220; button_on_hover=&#8220;off&#8220; custom_margin=&#8220;||5px||false|false&#8220; custom_padding=&#8220;10px|40px|10px|40px|true|true&#8220; global_colors_info=&#8220;{}&#8220; button_bg_color__hover_enabled=&#8220;on|desktop&#8220; button_bg_color__hover=&#8220;#000000&#8243; button_bg_enable_color__hover=&#8220;on&#8220; button_border_color__hover_enabled=&#8220;on|desktop&#8220; button_border_color__hover=&#8220;#000000&#8243; button_text_color__hover_enabled=&#8220;on|hover&#8220; button_text_color__hover=&#8220;#FFFFFF&#8220;][\/et_pb_button][\/et_pb_column][et_pb_column type=&#8220;1_2&#8243; _builder_version=&#8220;4.27.4&#8243; _module_preset=&#8220;default&#8220; background_image=&#8220;https:\/\/www.plakor.cz\/wp-content\/uploads\/2025\/04\/Plakor-ESG-papusek-scaled.webp&#8220; background_last_edited=&#8220;on|phone&#8220; background_enable_image_phone=&#8220;off&#8220; global_colors_info=&#8220;{}&#8220;][et_pb_image src=&#8220;https:\/\/www.plakor.cz\/wp-content\/uploads\/2025\/04\/Plakor-ESG-papusek-scaled.webp&#8220; title_text=&#8220;Plakor ESG papu\u0161ek&#8220; disabled_on=&#8220;off|on|on&#8220; _builder_version=&#8220;4.27.4&#8243; _module_preset=&#8220;default&#8220; global_colors_info=&#8220;{}&#8220;][\/et_pb_image][\/et_pb_column][\/et_pb_row][et_pb_row column_structure=&#8220;1_2,1_2&#8243; use_custom_gutter=&#8220;on&#8220; gutter_width=&#8220;1&#8243; make_equal=&#8220;on&#8220; module_id=&#8220;budoucnost&#8220; _builder_version=&#8220;4.27.4&#8243; _module_preset=&#8220;default&#8220; background_color=&#8220;rgba(131,0,233,0.09)&#8220; custom_margin=&#8220;3%||||false|false&#8220; custom_padding=&#8220;0px||0px||false|false&#8220; border_radii=&#8220;on|10px|10px|10px|10px&#8220; global_colors_info=&#8220;{}&#8220;][et_pb_column type=&#8220;1_2&#8243; _builder_version=&#8220;4.27.4&#8243; _module_preset=&#8220;default&#8220; background_enable_image=&#8220;off&#8220; parallax=&#8220;on&#8220; background_video_mp4=&#8220;https:\/\/www.plakor.cz\/wp-content\/uploads\/2025\/04\/4609552_Fog_Woods_1280x720.webm&#8220; background_last_edited=&#8220;on|phone&#8220; background_enable_image_phone=&#8220;off&#8220; global_colors_info=&#8220;{}&#8220;][\/et_pb_column][et_pb_column type=&#8220;1_2&#8243; _builder_version=&#8220;4.17.4&#8243; _module_preset=&#8220;default&#8220; background_enable_color=&#8220;off&#8220; custom_padding=&#8220;6%|6%|6%|6%|true|true&#8220; global_colors_info=&#8220;{}&#8220;][et_pb_text _builder_version=&#8220;4.27.4&#8243; _module_preset=&#8220;default&#8220; header_font=&#8220;|700|||||||&#8220; header_font_size=&#8220;2vw&#8220; header_line_height=&#8220;1.5em&#8220; header_3_line_height=&#8220;1.7em&#8220; header_font_size_tablet=&#8220;2vw&#8220; header_font_size_phone=&#8220;30px&#8220; header_font_size_last_edited=&#8220;on|phone&#8220; header_line_height_last_edited=&#8220;off|phone&#8220; global_colors_info=&#8220;{}&#8220;]<\/p>\n<h3>Na\u0161e z\u00e1vazky pro budoucnost<\/h3>\n<h1>Udr\u017eiteln\u00e1 budoucnost za\u010d\u00edn\u00e1 dnes<\/h1>\n<p>&nbsp;<\/p>\n<p>PLAKOR CZECH se zavazuje k nastaven\u00ed c\u00edl\u016f na sni\u017eov\u00e1n\u00ed emis\u00ed do roku 2030 v souladu s c\u00edlem omezit glob\u00e1ln\u00ed oteplov\u00e1n\u00ed na 1,5 \u00baC. Tento z\u00e1vazek vych\u00e1z\u00ed z iniciativy Science Based Targets (SBTi), kter\u00e1 pom\u00e1h\u00e1 firm\u00e1m nastavit v\u011bdecky podlo\u017een\u00e9 emisn\u00ed c\u00edle s re\u00e1ln\u00fdm a m\u011b\u0159iteln\u00fdm dopadem na boj proti klimatick\u00fdm zm\u011bn\u00e1m.<\/p>\n<p>Na\u0161e spole\u010dnost aktivn\u011b m\u011b\u0159\u00ed svou uhl\u00edkovou stopu a neust\u00e1le hled\u00e1 zp\u016fsoby, jak ji efektivn\u011b sn\u00ed\u017eit. Tento krok je sou\u010d\u00e1st\u00ed \u0161ir\u0161\u00edho pl\u00e1nu pro udr\u017eitelnost a odpov\u011bdn\u00e9 podnik\u00e1n\u00ed v souladu s glob\u00e1ln\u00edmi environment\u00e1ln\u00edmi c\u00edli.<\/p>\n<p>&nbsp;<\/p>\n<p>[\/et_pb_text][et_pb_button button_url=&#8220;\/wp-content\/uploads\/2025\/04\/Green0meter-CO2-2023-protocol.pdf&#8220; url_new_window=&#8220;on&#8220; button_text=&#8220;Protokol uhl\u00edkov\u00e9 stopy za rok 2023&#8243; disabled_on=&#8220;off|off|off&#8220; _builder_version=&#8220;4.27.4&#8243; _module_preset=&#8220;default&#8220; custom_button=&#8220;on&#8220; button_text_size=&#8220;16px&#8220; button_text_color=&#8220;#000000&#8243; button_border_width=&#8220;0px&#8220; button_border_color=&#8220;RGBA(255,255,255,0)&#8220; button_icon=&#8220;&#xe092;||divi||400&#8243; button_icon_placement=&#8220;left&#8220; button_on_hover=&#8220;off&#8220; custom_margin=&#8220;||5px||false|false&#8220; custom_padding=&#8220;10px|40px|10px|40px|true|true&#8220; global_colors_info=&#8220;{}&#8220; button_text_color__hover=&#8220;#FFFFFF&#8220; button_text_color__hover_enabled=&#8220;on|hover&#8220; button_bg_color__hover=&#8220;#000000&#8243; button_bg_color__hover_enabled=&#8220;on|desktop&#8220; button_border_color__hover=&#8220;#000000&#8243; button_border_color__hover_enabled=&#8220;on|desktop&#8220;][\/et_pb_button][\/et_pb_column][\/et_pb_row][\/et_pb_section]<\/p>\n","protected":false},"excerpt":{"rendered":"<p>Jsme odpov\u011bdn\u00e1 spole\u010dnostESG N\u00e1\u0161 z\u00e1vazek k udr\u017eitelnosti &nbsp; S respektem k lidem, okoln\u00edmu prost\u0159ed\u00ed i budoucnosti hled\u00e1me zp\u016fsoby, jak posouvat na\u0161i pr\u00e1ci k v\u011bt\u0161\u00ed odpov\u011bdnosti. Soust\u0159ed\u00edme se na to, co m\u016f\u017eeme re\u00e1ln\u011b ovlivnit \u2013 od efektivn\u011bj\u0161\u00edho vyu\u017e\u00edv\u00e1n\u00ed zdroj\u016f po podporu soci\u00e1ln\u011b odpov\u011bdn\u00fdch princip\u016f. Na\u0161e rozhodnut\u00ed lad\u00edme s C\u00edli udr\u017eiteln\u00e9ho rozvoje OSN, proto\u017ee v\u011b\u0159\u00edme, \u017ee ka\u017ed\u00fd [&hellip;]<\/p>\n","protected":false},"author":1,"featured_media":0,"parent":0,"menu_order":0,"comment_status":"closed","ping_status":"closed","template":"","meta":{"_et_pb_use_builder":"on","_et_pb_old_content":"","_et_gb_content_width":"","footnotes":""},"dipi_cpt_category":[],"class_list":["post-956","page","type-page","status-publish","hentry"],"_links":{"self":[{"href":"https:\/\/www.plakor.cz\/en\/wp-json\/wp\/v2\/pages\/956","targetHints":{"allow":["GET"]}}],"collection":[{"href":"https:\/\/www.plakor.cz\/en\/wp-json\/wp\/v2\/pages"}],"about":[{"href":"https:\/\/www.plakor.cz\/en\/wp-json\/wp\/v2\/types\/page"}],"author":[{"embeddable":true,"href":"https:\/\/www.plakor.cz\/en\/wp-json\/wp\/v2\/users\/1"}],"replies":[{"embeddable":true,"href":"https:\/\/www.plakor.cz\/en\/wp-json\/wp\/v2\/comments?post=956"}],"version-history":[{"count":50,"href":"https:\/\/www.plakor.cz\/en\/wp-json\/wp\/v2\/pages\/956\/revisions"}],"predecessor-version":[{"id":242148,"href":"https:\/\/www.plakor.cz\/en\/wp-json\/wp\/v2\/pages\/956\/revisions\/242148"}],"wp:attachment":[{"href":"https:\/\/www.plakor.cz\/en\/wp-json\/wp\/v2\/media?parent=956"}],"wp:term":[{"taxonomy":"dipi_cpt_category","embeddable":true,"href":"https:\/\/www.plakor.cz\/en\/wp-json\/wp\/v2\/dipi_cpt_category?post=956"}],"curies":[{"name":"wp","href":"https:\/\/api.w.org\/{rel}","templated":true}]}}